{"id":10464,"date":"2022-09-23T18:42:31","date_gmt":"2022-09-23T18:42:31","guid":{"rendered":"https:\/\/servicioscomunales.com.ar\/site\/?page_id=10464"},"modified":"2022-12-15T15:14:17","modified_gmt":"2022-12-15T15:14:17","slug":"institucional","status":"publish","type":"page","link":"https:\/\/servicioscomunales.com.ar\/site\/institucional\/","title":{"rendered":"Institucional"},"content":{"rendered":"<p>[vc_row type=\u00bbvc_default\u00bb margin_top=\u00bb-50&#8243; bg_type=\u00bbimage\u00bb parallax_style=\u00bbvcpb-vz-jquery\u00bb bg_image_new=\u00bbid^10710|url^https:\/\/servicioscomunales.com.ar\/site\/wp-content\/uploads\/2022\/12\/edificio-municipal2.jpg|caption^null|alt^null|title^edificio-municipal2|description^null\u00bb bg_image_repeat=\u00bbno-repeat\u00bb bg_override=\u00bbex-full\u00bb css=\u00bb.vc_custom_1669993380818{padding-top: 8% !important;padding-bottom: 8% !important;background-color: #0b5482 !important;}\u00bb el_class=\u00bbstripe_header\u00bb][vc_column offset=\u00bbvc_col-lg-12 vc_col-md-12&#8243; css=\u00bb.vc_custom_1526058643829{padding-top: 100px !important;padding-bottom: 20px !important;}\u00bb]<div id=\"ultimate-heading-384269fdd4f511ce5\" class=\"uvc-heading ult-adjust-bottom-margin ultimate-heading-384269fdd4f511ce5 uvc-1337 accent-subtitle-color ult-header-adjusted\" data-hspacer=\"no_spacer\"  data-halign=\"center\" style=\"text-align:center\"><div class=\"uvc-heading-spacer no_spacer\" style=\"top\"><\/div><div class=\"uvc-main-heading ult-responsive\"  data-ultimate-target='.uvc-heading.ultimate-heading-384269fdd4f511ce5 h2'  data-responsive-json-new='{\"font-size\":\"desktop:70px;mobile_landscape:30px;\",\"line-height\":\"desktop:80px;mobile_landscape:40px;\"}' ><h2 style=\"--font-weight:theme;color:#ffffff;\">INSTITUCIONAL<\/h2><\/div><div class=\"uvc-sub-heading ult-responsive\"  data-ultimate-target='.uvc-heading.ultimate-heading-384269fdd4f511ce5 .uvc-sub-heading '  data-responsive-json-new='{\"font-size\":\"desktop:40px;mobile_landscape:22px;\",\"line-height\":\"desktop:50px;mobile_landscape:32px;\"}'  style=\"font-family:&#039;Roboto&#039;;font-weight:normal;color:#ffffff;margin-top:0px;margin-bottom:0px;\">\u00bfQui\u00e9nes somos?<\/div><\/div>[\/vc_column][\/vc_row][vc_row type=\u00bbvc_default\u00bb css=\u00bb.vc_custom_1663959227000{padding-top: 70px !important;padding-bottom: 30px !important;}\u00bb][vc_column width=\u00bb1\/2&#8243;]<div id=\"ultimate-heading-23269fdd4f511d71\" class=\"uvc-heading ult-adjust-bottom-margin ultimate-heading-23269fdd4f511d71 uvc-6434 accent-border-color bigger\" data-hspacer=\"line_only\"  data-halign=\"left\" style=\"text-align:left\"><div class=\"uvc-main-heading ult-responsive\"  data-ultimate-target='.uvc-heading.ultimate-heading-23269fdd4f511d71 h2'  data-responsive-json-new='{\"font-size\":\"desktop:50px;\",\"line-height\":\"desktop:60px;\"}' ><h2 style=\"font-family:&#039;Roboto&#039;;font-style:italic;--font-weight:theme;color:#242d34;margin-bottom:10px;\">\u00bfQui\u00e9nes somos?<\/h2><\/div><div class=\"uvc-heading-spacer line_only\" style=\"margin-bottom:50px;height:3px;\"><span class=\"uvc-headings-line\" style=\"border-style:solid;border-bottom-width:3px;border-color:#ccc;width:70px;\"><\/span><\/div><\/div>[vc_column_text]Somos una empresa dedicada a brindar soluciones estrat\u00e9gicas a municipios y comunas en diversas provincias de nuestro pa\u00eds. Para ello contamos con un capital humano y tecnol\u00f3gico de experiencia y capacidad para lograr los objetivos establecidos.<\/p>\n<p>Actuamos en conjunto con nuestros clientes, siendo una prolongaci\u00f3n de las organizaciones en el proceso de concientizaci\u00f3n a los contribuyentes, transmitiendo y concientizando sobre la importancia del cumplimento en t\u00e9rmino de pago de sus tributos.<\/p>\n<p>Estamos comprometidos con el cumplimiento de nuestros est\u00e1ndares, las normas y los requisitos del sistema de calidad vigente, as\u00ed como tambi\u00e9n con la mejora continua de nuestros procesos.<\/p>\n<p>Procuramos el desarrollo y perfeccionamiento permanente de todos nuestros recursos para estar siempre a la altura de los requerimientos y objetivos de nuestros clientes.[\/vc_column_text][\/vc_column][vc_column width=\u00bb1\/2&#8243;][vc_empty_space height=\u00bb40px\u00bb el_class=\u00bbhide-on-desktop\u00bb][vc_single_image image=\u00bb10743&#8243; img_size=\u00bbfull\u00bb alignment=\u00bbcenter\u00bb image_hovers=\u00bbfalse\u00bb el_class=\u00bbimg_ilustrativa\u00bb][\/vc_column][\/vc_row][vc_row type=\u00bbvc_default\u00bb css=\u00bb.vc_custom_1670433666458{padding-top: 70px !important;padding-bottom: 30px !important;}\u00bb el_class=\u00bbimg-on-left\u00bb][vc_column width=\u00bb1\/2&#8243;][vc_empty_space height=\u00bb40px\u00bb el_class=\u00bbhide-on-desktop\u00bb][vc_single_image image=\u00bb10728&#8243; img_size=\u00bbfull\u00bb alignment=\u00bbcenter\u00bb image_hovers=\u00bbfalse\u00bb el_class=\u00bbimg_ilustrativa\u00bb][\/vc_column][vc_column width=\u00bb1\/2&#8243;]<div id=\"ultimate-heading-96169fdd4f511dd4\" class=\"uvc-heading ult-adjust-bottom-margin ultimate-heading-96169fdd4f511dd4 uvc-2535 accent-border-color\" data-hspacer=\"line_only\"  data-halign=\"left\" style=\"text-align:left\"><div class=\"uvc-main-heading ult-responsive\"  data-ultimate-target='.uvc-heading.ultimate-heading-96169fdd4f511dd4 h2'  data-responsive-json-new='{\"font-size\":\"desktop:30px;\",\"line-height\":\"desktop:36px;\"}' ><h2 style=\"font-family:&#039;Roboto&#039;;font-style:italic;--font-weight:theme;color:#242d34;margin-bottom:10px;\">Responsabilidad Social<\/h2><\/div><div class=\"uvc-heading-spacer line_only\" style=\"margin-bottom:50px;height:3px;\"><span class=\"uvc-headings-line\" style=\"border-style:solid;border-bottom-width:3px;border-color:#ccc;width:70px;\"><\/span><\/div><\/div>[vc_column_text]Trabajamos para mejorar la relaci\u00f3n entre el contribuyente y el estado con el fin de que ambos resulten beneficiados.<\/p>\n<p>Debemos comprender y transmitir que el respeto a las normas vigentes es una responsabilidad ciudadana que compromete a todos, as\u00ed como tambi\u00e9n los perjuicios que origina el incumplimiento de las obligaciones tributarias.<\/p>\n<p>Es necesario que el individuo sea consciente de sus derechos y consecuente con sus obligaciones, ya que la tributaci\u00f3n es el pilar econ\u00f3mico de los entes gubernamentales.[\/vc_column_text][\/vc_column][\/vc_row][vc_row type=\u00bbvc_default\u00bb css=\u00bb.vc_custom_1663959227000{padding-top: 70px !important;padding-bottom: 30px !important;}\u00bb][vc_column]<div id=\"ultimate-heading-964669fdd4f511e69\" class=\"uvc-heading ult-adjust-bottom-margin ultimate-heading-964669fdd4f511e69 uvc-1233 accent-border-color\" data-hspacer=\"line_only\"  data-halign=\"left\" style=\"text-align:left\"><div class=\"uvc-main-heading ult-responsive\"  data-ultimate-target='.uvc-heading.ultimate-heading-964669fdd4f511e69 h2'  data-responsive-json-new='{\"font-size\":\"desktop:30px;\",\"line-height\":\"desktop:36px;\"}' ><h2 style=\"font-family:&#039;Roboto&#039;;font-style:italic;--font-weight:theme;color:#242d34;margin-bottom:10px;\">Calidad del servicio<\/h2><\/div><div class=\"uvc-heading-spacer line_only\" style=\"margin-bottom:50px;height:3px;\"><span class=\"uvc-headings-line\" style=\"border-style:solid;border-bottom-width:3px;border-color:#ccc;width:70px;\"><\/span><\/div><\/div>[vc_column_text]Contamos con una pol\u00edtica de calidad que prioriza la satisfacci\u00f3n de las organizaciones con las que trabajamos.<\/p>\n<p>Para ello hemos establecido un Sistema de Gesti\u00f3n de la Calidad dise\u00f1ado para mejorar continuamente la eficacia y eficiencia de la organizaci\u00f3n basada en los siguientes principios.[\/vc_column_text][vc_empty_space][vc_row_inner][vc_column_inner width=\u00bb1\/2&#8243;]<div class=\"aio-icon-component  vc_custom_1670434262285  accent-icon-color sc-icon style_1\"><div id=\"Info-box-wrap-1764\" class=\"aio-icon-box left-icon\" style=\"\"  ><div class=\"aio-icon-left\"><div class=\"ult-just-icon-wrapper  \"><div class=\"align-icon\" style=\"text-align:center;\">\n<div class=\"aio-icon none \"  style=\"font-size:38px;display:inline-block;\">\n\t<i class=\"icomoon-material-24x24-assistant\"><\/i>\n<\/div><\/div><\/div><\/div><div class=\"aio-ibd-block\"><div class=\"aio-icon-header\" ><h3 class=\"aio-icon-title ult-responsive\"  data-ultimate-target='#Info-box-wrap-1764 .aio-icon-title'  data-responsive-json-new='{\"font-size\":\"desktop:24px;\",\"line-height\":\"desktop:32px;\"}'  style=\"font-family:&#039;Roboto&#039;;font-style:italic;font-weight:normal;color:#00adf0;\">Enfoque al cliente<\/h3><\/div> <!-- header --><div class=\"aio-icon-description ult-responsive\"  data-ultimate-target='#Info-box-wrap-1764 .aio-icon-description'  data-responsive-json-new='{\"font-size\":\"\",\"line-height\":\"\"}'  style=\"\">Toda organizaci\u00f3n depende de sus clientes, por lo tanto creemos de vital importancia comprender las necesidades presentes y futuras, satisfacer sus requisitos y esforzarnos en exceder sus expectativas.<\/div> <!-- description --><\/div> <!-- aio-ibd-block --><\/div> <!-- aio-icon-box --><\/div> <!-- aio-icon-component --><div class=\"aio-icon-component  vc_custom_1670434635691  accent-icon-color sc-icon style_1\"><div id=\"Info-box-wrap-2007\" class=\"aio-icon-box left-icon\" style=\"\"  ><div class=\"aio-icon-left\"><div class=\"ult-just-icon-wrapper  \"><div class=\"align-icon\" style=\"text-align:center;\">\n<div class=\"aio-icon none \"  style=\"font-size:38px;display:inline-block;\">\n\t<i class=\"icomoon-material-24x24-assistant\"><\/i>\n<\/div><\/div><\/div><\/div><div class=\"aio-ibd-block\"><div class=\"aio-icon-header\" ><h3 class=\"aio-icon-title ult-responsive\"  data-ultimate-target='#Info-box-wrap-2007 .aio-icon-title'  data-responsive-json-new='{\"font-size\":\"desktop:24px;\",\"line-height\":\"desktop:32px;\"}'  style=\"font-family:&#039;Roboto&#039;;font-style:italic;font-weight:normal;color:#00adf0;\">Enfoque de sistema para la gesti\u00f3n<\/h3><\/div> <!-- header --><div class=\"aio-icon-description ult-responsive\"  data-ultimate-target='#Info-box-wrap-2007 .aio-icon-description'  data-responsive-json-new='{\"font-size\":\"\",\"line-height\":\"\"}'  style=\"\">Identificamos, comprendemos y gestionamos los procesos interrelacionados como un sistema, contribuyendo a la eficacia y eficiencia de nuestra organizaci\u00f3n en el logro de los objetivos.<\/div> <!-- description --><\/div> <!-- aio-ibd-block --><\/div> <!-- aio-icon-box --><\/div> <!-- aio-icon-component --><div class=\"aio-icon-component  vc_custom_1670434641060  accent-icon-color sc-icon style_1\"><div id=\"Info-box-wrap-3339\" class=\"aio-icon-box left-icon\" style=\"\"  ><div class=\"aio-icon-left\"><div class=\"ult-just-icon-wrapper  \"><div class=\"align-icon\" style=\"text-align:center;\">\n<div class=\"aio-icon none \"  style=\"font-size:38px;display:inline-block;\">\n\t<i class=\"icomoon-material-24x24-assistant\"><\/i>\n<\/div><\/div><\/div><\/div><div class=\"aio-ibd-block\"><div class=\"aio-icon-header\" ><h3 class=\"aio-icon-title ult-responsive\"  data-ultimate-target='#Info-box-wrap-3339 .aio-icon-title'  data-responsive-json-new='{\"font-size\":\"desktop:24px;\",\"line-height\":\"desktop:32px;\"}'  style=\"font-family:&#039;Roboto&#039;;font-style:italic;font-weight:normal;color:#00adf0;\">Enfoque basado en los procesos<\/h3><\/div> <!-- header --><div class=\"aio-icon-description ult-responsive\"  data-ultimate-target='#Info-box-wrap-3339 .aio-icon-description'  data-responsive-json-new='{\"font-size\":\"\",\"line-height\":\"\"}'  style=\"\">Gestionamos todas las actividades y los recursos disponibles como un proceso.<\/div> <!-- description --><\/div> <!-- aio-ibd-block --><\/div> <!-- aio-icon-box --><\/div> <!-- aio-icon-component --><div class=\"aio-icon-component  vc_custom_1670434646261  accent-icon-color sc-icon style_1\"><div id=\"Info-box-wrap-8591\" class=\"aio-icon-box left-icon\" style=\"\"  ><div class=\"aio-icon-left\"><div class=\"ult-just-icon-wrapper  \"><div class=\"align-icon\" style=\"text-align:center;\">\n<div class=\"aio-icon none \"  style=\"font-size:38px;display:inline-block;\">\n\t<i class=\"icomoon-material-24x24-assistant\"><\/i>\n<\/div><\/div><\/div><\/div><div class=\"aio-ibd-block\"><div class=\"aio-icon-header\" ><h3 class=\"aio-icon-title ult-responsive\"  data-ultimate-target='#Info-box-wrap-8591 .aio-icon-title'  data-responsive-json-new='{\"font-size\":\"desktop:24px;\",\"line-height\":\"desktop:32px;\"}'  style=\"font-family:&#039;Roboto&#039;;font-style:italic;font-weight:normal;color:#00adf0;\">Mejora continua<\/h3><\/div> <!-- header --><div class=\"aio-icon-description ult-responsive\"  data-ultimate-target='#Info-box-wrap-8591 .aio-icon-description'  data-responsive-json-new='{\"font-size\":\"\",\"line-height\":\"\"}'  style=\"\">La mejora continua es un objetivo permanente de esta organizaci\u00f3n.<\/div> <!-- description --><\/div> <!-- aio-ibd-block --><\/div> <!-- aio-icon-box --><\/div> <!-- aio-icon-component -->[\/vc_column_inner][vc_column_inner width=\u00bb1\/2&#8243;]<div class=\"aio-icon-component  vc_custom_1670434652516  accent-icon-color sc-icon style_1\"><div id=\"Info-box-wrap-6043\" class=\"aio-icon-box left-icon\" style=\"\"  ><div class=\"aio-icon-left\"><div class=\"ult-just-icon-wrapper  \"><div class=\"align-icon\" style=\"text-align:center;\">\n<div class=\"aio-icon none \"  style=\"font-size:38px;display:inline-block;\">\n\t<i class=\"icomoon-material-24x24-assistant\"><\/i>\n<\/div><\/div><\/div><\/div><div class=\"aio-ibd-block\"><div class=\"aio-icon-header\" ><h3 class=\"aio-icon-title ult-responsive\"  data-ultimate-target='#Info-box-wrap-6043 .aio-icon-title'  data-responsive-json-new='{\"font-size\":\"desktop:24px;\",\"line-height\":\"desktop:32px;\"}'  style=\"font-family:&#039;Roboto&#039;;font-style:italic;font-weight:normal;color:#00adf0;\">Liderazgo<\/h3><\/div> <!-- header --><div class=\"aio-icon-description ult-responsive\"  data-ultimate-target='#Info-box-wrap-6043 .aio-icon-description'  data-responsive-json-new='{\"font-size\":\"\",\"line-height\":\"\"}'  style=\"\">A trav\u00e9s de nuestra trayectoria, hemos creado y mantenido un ambiente interno en el cual nuestro equipo se encuentra completamente involucrado con los objetivos de nuestra organizaci\u00f3n.<\/div> <!-- description --><\/div> <!-- aio-ibd-block --><\/div> <!-- aio-icon-box --><\/div> <!-- aio-icon-component --><div class=\"aio-icon-component  vc_custom_1670434659421  accent-icon-color sc-icon style_1\"><div id=\"Info-box-wrap-7359\" class=\"aio-icon-box left-icon\" style=\"\"  ><div class=\"aio-icon-left\"><div class=\"ult-just-icon-wrapper  \"><div class=\"align-icon\" style=\"text-align:center;\">\n<div class=\"aio-icon none \"  style=\"font-size:38px;display:inline-block;\">\n\t<i class=\"icomoon-material-24x24-assistant\"><\/i>\n<\/div><\/div><\/div><\/div><div class=\"aio-ibd-block\"><div class=\"aio-icon-header\" ><h3 class=\"aio-icon-title ult-responsive\"  data-ultimate-target='#Info-box-wrap-7359 .aio-icon-title'  data-responsive-json-new='{\"font-size\":\"desktop:24px;\",\"line-height\":\"desktop:32px;\"}'  style=\"font-family:&#039;Roboto&#039;;font-style:italic;font-weight:normal;color:#00adf0;\">Participaci\u00f3n del personal<\/h3><\/div> <!-- header --><div class=\"aio-icon-description ult-responsive\"  data-ultimate-target='#Info-box-wrap-7359 .aio-icon-description'  data-responsive-json-new='{\"font-size\":\"\",\"line-height\":\"\"}'  style=\"\">Nuestro equipo es nuestra esencia, y su total compromiso, posibilita que sus habilidades sean utilizadas para lograr los objetivos de las organizaciones con las que trabajamos.<\/div> <!-- description --><\/div> <!-- aio-ibd-block --><\/div> <!-- aio-icon-box --><\/div> <!-- aio-icon-component --><div class=\"aio-icon-component  vc_custom_1670434664798  accent-icon-color sc-icon style_1\"><div id=\"Info-box-wrap-7885\" class=\"aio-icon-box left-icon\" style=\"\"  ><div class=\"aio-icon-left\"><div class=\"ult-just-icon-wrapper  \"><div class=\"align-icon\" style=\"text-align:center;\">\n<div class=\"aio-icon none \"  style=\"font-size:38px;display:inline-block;\">\n\t<i class=\"icomoon-material-24x24-assistant\"><\/i>\n<\/div><\/div><\/div><\/div><div class=\"aio-ibd-block\"><div class=\"aio-icon-header\" ><h3 class=\"aio-icon-title ult-responsive\"  data-ultimate-target='#Info-box-wrap-7885 .aio-icon-title'  data-responsive-json-new='{\"font-size\":\"desktop:24px;\",\"line-height\":\"desktop:32px;\"}'  style=\"font-family:&#039;Roboto&#039;;font-style:italic;font-weight:normal;color:#00adf0;\">Relaciones mutuamente beneficiosas con los proveedores<\/h3><\/div> <!-- header --><div class=\"aio-icon-description ult-responsive\"  data-ultimate-target='#Info-box-wrap-7885 .aio-icon-description'  data-responsive-json-new='{\"font-size\":\"\",\"line-height\":\"\"}'  style=\"\">Somos interdependientes de nuestros proveedores, por lo que, all\u00ed donde podemos, mantenemos con ellos relaciones mutuamente beneficiosas con el fin de aumentar la capacidad de ambos para crear valor.<\/div> <!-- description --><\/div> <!-- aio-ibd-block --><\/div> <!-- aio-icon-box --><\/div> <!-- aio-icon-component -->[\/vc_column_inner][\/vc_row_inner][\/vc_column][\/vc_row][vc_row type=\u00bbvc_default\u00bb css=\u00bb.vc_custom_1669923691874{padding-top: 70px !important;}\u00bb][vc_column]<div id=\"ultimate-heading-980869fdd4f512638\" class=\"uvc-heading ult-adjust-bottom-margin ultimate-heading-980869fdd4f512638 uvc-974 accent-border-color\" data-hspacer=\"line_only\"  data-halign=\"left\" style=\"text-align:left\"><div class=\"uvc-main-heading ult-responsive\"  data-ultimate-target='.uvc-heading.ultimate-heading-980869fdd4f512638 h2'  data-responsive-json-new='{\"font-size\":\"desktop:30px;\",\"line-height\":\"desktop:36px;\"}' ><h2 style=\"font-family:&#039;Roboto&#039;;font-style:italic;--font-weight:theme;color:#242d34;margin-bottom:10px;\">Trayectoria<\/h2><\/div><div class=\"uvc-heading-spacer line_only\" style=\"margin-bottom:50px;height:3px;\"><span class=\"uvc-headings-line\" style=\"border-style:solid;border-bottom-width:3px;border-color:#ccc;width:70px;\"><\/span><\/div><\/div>[\/vc_column][\/vc_row][vc_row type=\u00bbvc_default\u00bb css=\u00bb.vc_custom_1669923701945{padding-bottom: 30px !important;}\u00bb][vc_column width=\u00bb1\/2&#8243;][vc_column_text]A lo largo de estos a\u00f1os, brindamos nuestros servicios a municipios de diversas provincias de nuestro pa\u00eds como ser Buenos Aires, C\u00f3rdoba, Santa Fe, Catamarca, Corrientes, Entre R\u00edos, Jujuy, Misiones y San Luis.<\/p>\n<p>Dichos servicios han contemplado la Legislaci\u00f3n Provincial vigente de acuerdo con las Ordenanzas Fiscales e Impositivas.<\/p>\n<p>Nuestro equipo humano y tecnol\u00f3gico han sido capaces de crear y poner en marcha diversos planes de acci\u00f3n con resultados efectivos en concordancia con los objetivos, brindando a los Municipios la posibilidad de revertir y mejorar los resultados de su gesti\u00f3n. [\/vc_column_text][vc_empty_space][\/vc_column][vc_column width=\u00bb1\/2&#8243;][vc_empty_space height=\u00bb0px\u00bb][vc_accordion active_tab=\u00bbfalse\u00bb collapsible=\u00bbyes\u00bb title_size=\u00bbh6&#8243; style=\u00bb2&#8243;][vc_accordion_tab title=\u00bbBuenos Aires\u00bb][vc_column_text]Baradero &#8211; Ramallo[\/vc_column_text][\/vc_accordion_tab][vc_accordion_tab title=\u00bbCatamarca\u00bb][vc_column_text]Andalgal\u00e1 &#8211; Recreo[\/vc_column_text][\/vc_accordion_tab][vc_accordion_tab title=\u00bbC\u00f3rdoba\u00bb][vc_column_text]Alto Alegre &#8211; Arias &#8211; Ausonia &#8211; Dique Chico &#8211; Falda Del Carmen &#8211; Guatimoz\u00edn &#8211; La Serranita &#8211; Potrero De Garay &#8211; Rafael Garc\u00eda &#8211; San Antonio De Lit\u00edn &#8211; San Clemente &#8211; Villa La Bolsa &#8211; Villa San Isidro[\/vc_column_text][\/vc_accordion_tab][vc_accordion_tab title=\u00bbCorrientes\u00bb][vc_column_text]Beron De Astrada &#8211; Colonia Liebig &#8211; Colonia Tabay &#8211; Colonia Tatacua &#8211; Concepci\u00f3n &#8211; Garabi &#8211; Garruchos &#8211; Guaviravi &#8211; Ita Ibate &#8211; Itati &#8211; Ituzaingo &#8211; La Cruz &#8211; Lomas De Vallejos &#8211; Loreto &#8211; Mburucuya &#8211; Palmar Grande &#8211; Parada Pucheta &#8211; Ramada Paso &#8211; San Carlos &#8211; San Cosme &#8211; San Miguel &#8211; Santa Rosa &#8211; Santo Tome &#8211; Tapebicua[\/vc_column_text][\/vc_accordion_tab][vc_accordion_tab title=\u00bbEntre R\u00edos\u00bb][vc_column_text]Enrique Carb\u00f3 &#8211; Gobernador Mansilla &#8211; Gualeguaych\u00fa &#8211; San Gustavo[\/vc_column_text][\/vc_accordion_tab][vc_accordion_tab title=\u00bbJujuy\u00bb][vc_column_text]Aguas Calientes &#8211; El Rodeito &#8211; Fraile Pintado &#8211; Mina Piriquitas &#8211; Palma Sola &#8211; Puesto Viejo &#8211; Susques[\/vc_column_text][\/vc_accordion_tab][vc_accordion_tab title=\u00bbMisiones\u00bb][vc_column_text]Alba Posse &#8211; Almafuerte &#8211; Ap\u00f3stoles &#8211; Arist\u00f3bulo Del Valle &#8211; Arroyo Del Medio &#8211; Bonpland &#8211; Campo Ram\u00f3n &#8211; Campo Viera &#8211; Candelaria &#8211; Capiovi &#8211; Caraguatay &#8211; Cerro Azul &#8211; Cerro Cora &#8211; Colonia Alberdi &#8211; Colonia Aurora &#8211; Colonia Delicia &#8211; Colonia Victoria &#8211; Colonia Wanda &#8211; Comandante Andresito &#8211; Concepci\u00f3n De La Sierra &#8211; Corpus &#8211; Dos Arroyos &#8211; Dos De Mayo &#8211; Eldorado &#8211; Garuhape &#8211; Garupa &#8211; General Alvear &#8211; Gobernador L\u00f3pez &#8211; Guaran\u00ed &#8211; Hip\u00f3lito Yrigoyen &#8211; Itacaruare &#8211; Jard\u00edn Am\u00e9rica &#8211; Leandro N Alem &#8211; Los Helechos &#8211; M\u00e1rtires &#8211; Olegario Victor Andrade &#8211; Panambi &#8211; Puerto Iguaz\u00fa &#8211; Puerto Libertad &#8211; Puerto Piray &#8211; Ruiz De Montoya &#8211; San Antonio &#8211; San Ignacio &#8211; San Javier &#8211; San Jos\u00e9 &#8211; San Mart\u00edn &#8211; San Pedro &#8211; San Vicente &#8211; Santa Ana &#8211; Santa Mar\u00eda &#8211; Santiago De Liniers &#8211; Santo Pipo[\/vc_column_text][\/vc_accordion_tab][vc_accordion_tab title=\u00bbSan Luis\u00bb][vc_column_text]Concar\u00e1n &#8211; Naschel[\/vc_column_text][\/vc_accordion_tab][vc_accordion_tab title=\u00bbSanta Fe\u00bb][vc_column_text]Aguara Grande &#8211; Arroyo Ceibal &#8211; Ataliva &#8211; Berna &#8211; Bouquet &#8211; Casique Ariacaiquin &#8211; Caferata &#8211; Campo Andino &#8211; Ca\u00f1ada Rosqu\u00edn &#8211; Carlos Pellegrini &#8211; Casas &#8211; Cavour &#8211; Cayast\u00e1 &#8211; Cayastacito &#8211; Centeno &#8211; Chab\u00e1s &#8211; Cha\u00f1ar Ladeado &#8211; Chovet &#8211; Colonia Dolores &#8211; Colonia Mascias &#8211; Colonia Raquel &#8211; Colinia San Jos\u00e9 &#8211; Constanza &#8211; El Araza &#8211; El Rab\u00f3n &#8211; El Sombrerito &#8211; Emilia &#8211; Empalme San Carlos &#8211; Felicia &#8211; Gobernador Crespo &#8211; G\u00f6deken &#8211; Grutly &#8211; Huanqueros &#8211; La Brava &#8211; La Cabral &#8211; La Camila &#8211; La Lucila &#8211; La Pelada &#8211; La Rubia &#8211; Landeta &#8211; Lanteri &#8211; Las Palmeras &#8211; Llambi Campbell &#8211; Logro\u00f1o &#8211; Maciel &#8211; Maggiolo &#8211; Marcelino Escalada &#8211; Mar\u00eda Teresa &#8211; Moises Ville &#8211; Monte Vera &#8211; Nar\u00e9 &#8211; Nelson &#8211; Pedro G\u00f3mez Cello &#8211; Piamonte &#8211; Pilar &#8211; Progreso &#8211; Puerto Gaboto &#8211; Ramay\u00f3n &#8211; Saladero Mariano Cabal &#8211; San Crist\u00f3bal &#8211; San Francisco &#8211; San Jorge &#8211; San Mariano &#8211; San Mart\u00edn Norte &#8211; Sancti Spiritu &#8211; Santa Isabel &#8211; Santa Mar\u00eda Norte &#8211; Sauce Viejo &#8211; Silva &#8211; Soledad &#8211; Teodelina &#8211; Theobald &#8211; Tortugas &#8211; Vera Y Pintado &#8211; Videla &#8211; Villa Ca\u00f1\u00e1s &#8211; Villa Saralegui &#8211; Wheelwright[\/vc_column_text][\/vc_accordion_tab][\/vc_accordion][vc_empty_space][\/vc_column][\/vc_row]<\/p>\n","protected":false},"excerpt":{"rendered":"<p>[vc_row type=\u00bbvc_default\u00bb margin_top=\u00bb-50&#8243; bg_type=\u00bbimage\u00bb parallax_style=\u00bbvcpb-vz-jquery\u00bb bg_image_new=\u00bbid^10710|url^https:\/\/servicioscomunales.com.ar\/site\/wp-content\/uploads\/2022\/12\/edificio-municipal2.jpg|caption^null|alt^null|title^edificio-municipal2|description^null\u00bb bg_image_repeat=\u00bbno-repeat\u00bb bg_override=\u00bbex-full\u00bb css=\u00bb.vc_custom_1669993380818{padding-top: 8% !important;padding-bottom: 8% !important;background-color: #0b5482 !important;}\u00bb el_class=\u00bbstripe_header\u00bb][vc_column offset=\u00bbvc_col-lg-12 vc_col-md-12&#8243; css=\u00bb.vc_custom_1526058643829{padding-top: 100px !important;padding-bottom: 20px !important;}\u00bb][\/vc_column][\/vc_row][vc_row type=\u00bbvc_default\u00bb css=\u00bb.vc_custom_1663959227000{padding-top: 70px !important;padding-bottom: 30px !important;}\u00bb][vc_column width=\u00bb1\/2&#8243;][vc_column_text]Somos una empresa dedicada a brindar soluciones estrat\u00e9gicas a municipios y comunas en diversas provincias de nuestro pa\u00eds. Para ello contamos con un capital humano y&hellip;<\/p>\n","protected":false},"author":3,"featured_media":0,"parent":0,"menu_order":10,"comment_status":"closed","ping_status":"closed","template":"","meta":{"footnotes":""},"class_list":["post-10464","page","type-page","status-publish","hentry","description-off"],"_links":{"self":[{"href":"https:\/\/servicioscomunales.com.ar\/site\/wp-json\/wp\/v2\/pages\/10464","targetHints":{"allow":["GET"]}}],"collection":[{"href":"https:\/\/servicioscomunales.com.ar\/site\/wp-json\/wp\/v2\/pages"}],"about":[{"href":"https:\/\/servicioscomunales.com.ar\/site\/wp-json\/wp\/v2\/types\/page"}],"author":[{"embeddable":true,"href":"https:\/\/servicioscomunales.com.ar\/site\/wp-json\/wp\/v2\/users\/3"}],"replies":[{"embeddable":true,"href":"https:\/\/servicioscomunales.com.ar\/site\/wp-json\/wp\/v2\/comments?post=10464"}],"version-history":[{"count":59,"href":"https:\/\/servicioscomunales.com.ar\/site\/wp-json\/wp\/v2\/pages\/10464\/revisions"}],"predecessor-version":[{"id":10790,"href":"https:\/\/servicioscomunales.com.ar\/site\/wp-json\/wp\/v2\/pages\/10464\/revisions\/10790"}],"wp:attachment":[{"href":"https:\/\/servicioscomunales.com.ar\/site\/wp-json\/wp\/v2\/media?parent=10464"}],"curies":[{"name":"wp","href":"https:\/\/api.w.org\/{rel}","templated":true}]}}