{"id":10603,"date":"2022-11-09T12:28:31","date_gmt":"2022-11-09T12:28:31","guid":{"rendered":"https:\/\/servicioscomunales.com.ar\/site\/?page_id=10603"},"modified":"2022-12-15T15:16:18","modified_gmt":"2022-12-15T15:16:18","slug":"servicios","status":"publish","type":"page","link":"https:\/\/servicioscomunales.com.ar\/site\/servicios\/","title":{"rendered":"Servicios"},"content":{"rendered":"<p>[vc_row type=\u00bbvc_default\u00bb margin_top=\u00bb-50&#8243; bg_type=\u00bbimage\u00bb parallax_style=\u00bbvcpb-vz-jquery\u00bb bg_image_new=\u00bbid^10759|url^https:\/\/servicioscomunales.com.ar\/site\/wp-content\/uploads\/2022\/12\/retroexcavadora2.jpg|caption^null|alt^null|title^retroexcavadora2|description^null\u00bb bg_image_repeat=\u00bbno-repeat\u00bb bg_override=\u00bbex-full\u00bb css=\u00bb.vc_custom_1670007556877{padding-top: 8% !important;padding-bottom: 8% !important;background-color: #0b5482 !important;}\u00bb el_class=\u00bbstripe_header\u00bb][vc_column offset=\u00bbvc_col-lg-12 vc_col-md-12&#8243; css=\u00bb.vc_custom_1526058643829{padding-top: 100px !important;padding-bottom: 20px !important;}\u00bb]<div id=\"ultimate-heading-348269fdd53470686\" class=\"uvc-heading ult-adjust-bottom-margin ultimate-heading-348269fdd53470686 uvc-1210 accent-subtitle-color ult-header-adjusted\" data-hspacer=\"no_spacer\"  data-halign=\"center\" style=\"text-align:center\"><div class=\"uvc-heading-spacer no_spacer\" style=\"top\"><\/div><div class=\"uvc-main-heading ult-responsive\"  data-ultimate-target='.uvc-heading.ultimate-heading-348269fdd53470686 h2'  data-responsive-json-new='{\"font-size\":\"desktop:70px;mobile_landscape:30px;\",\"line-height\":\"desktop:80px;mobile_landscape:40px;\"}' ><h2 style=\"--font-weight:theme;color:#ffffff;\">SERVICIOS<\/h2><\/div><div class=\"uvc-sub-heading ult-responsive\"  data-ultimate-target='.uvc-heading.ultimate-heading-348269fdd53470686 .uvc-sub-heading '  data-responsive-json-new='{\"font-size\":\"desktop:40px;mobile_landscape:22px;\",\"line-height\":\"desktop:50px;mobile_landscape:32px;\"}'  style=\"font-family:&#039;Roboto&#039;;font-weight:normal;color:#ffffff;margin-top:0px;margin-bottom:0px;\">Nuestros servicios<\/div><\/div>[\/vc_column][\/vc_row][vc_row type=\u00bbvc_default\u00bb css=\u00bb.vc_custom_1663959227000{padding-top: 70px !important;padding-bottom: 30px !important;}\u00bb][vc_column width=\u00bb1\/2&#8243;]<div id=\"ultimate-heading-59969fdd53470719\" class=\"uvc-heading ult-adjust-bottom-margin ultimate-heading-59969fdd53470719 uvc-6552 accent-border-color\" data-hspacer=\"line_only\"  data-halign=\"left\" style=\"text-align:left\"><div class=\"uvc-main-heading ult-responsive\"  data-ultimate-target='.uvc-heading.ultimate-heading-59969fdd53470719 h2'  data-responsive-json-new='{\"font-size\":\"desktop:30px;\",\"line-height\":\"desktop:36px;\"}' ><h2 style=\"font-family:&#039;Roboto&#039;;font-style:italic;--font-weight:theme;color:#242d34;margin-bottom:10px;\">Infraestructura Urbana<\/h2><\/div><div class=\"uvc-heading-spacer line_only\" style=\"margin-bottom:50px;height:3px;\"><span class=\"uvc-headings-line\" style=\"border-style:solid;border-bottom-width:3px;border-color:#ccc;width:70px;\"><\/span><\/div><\/div>[vc_column_text el_class=\u00bbdeco-like-table\u00bb]<\/p>\n<ul>\n<li>Sem\u00e1foros.<\/li>\n<li>Indicadores luminosos.<\/li>\n<li>Sem\u00e1foros Fijos\/m\u00f3viles.<\/li>\n<li>Se\u00f1alizaci\u00f3n Parada de colectivos.<\/li>\n<li>Indicadores de playa.<\/li>\n<li>Arcos pasacalle.<\/li>\n<li>Control de velocidad.<\/li>\n<li>Elementos para control de tr\u00e1nsito.<\/li>\n<li>Se\u00f1alizaci\u00f3n de calles.<\/li>\n<li>Alumbrado p\u00fablico.<\/li>\n<li>Cord\u00f3n cuneta.<\/li>\n<li>Alcohol\u00edmetros.<\/li>\n<\/ul>\n<p>[\/vc_column_text][\/vc_column][vc_column width=\u00bb1\/2&#8243;][vc_empty_space height=\u00bb40px\u00bb el_class=\u00bbhide-on-desktop\u00bb][vc_single_image image=\u00bb10731&#8243; img_size=\u00bbfull\u00bb alignment=\u00bbcenter\u00bb image_hovers=\u00bbfalse\u00bb el_class=\u00bbimg_ilustrativa\u00bb][\/vc_column][\/vc_row][vc_row type=\u00bbvc_default\u00bb css=\u00bb.vc_custom_1670432968223{padding-top: 70px !important;padding-bottom: 30px !important;}\u00bb el_class=\u00bbimg-on-left\u00bb][vc_column width=\u00bb1\/2&#8243;][vc_empty_space height=\u00bb40px\u00bb el_class=\u00bbhide-on-desktop\u00bb][vc_single_image image=\u00bb10730&#8243; img_size=\u00bbfull\u00bb alignment=\u00bbcenter\u00bb image_hovers=\u00bbfalse\u00bb el_class=\u00bbimg_ilustrativa\u00bb][\/vc_column][vc_column width=\u00bb1\/2&#8243;]<div id=\"ultimate-heading-874869fdd53470774\" class=\"uvc-heading ult-adjust-bottom-margin ultimate-heading-874869fdd53470774 uvc-7383 accent-border-color\" data-hspacer=\"line_only\"  data-halign=\"left\" style=\"text-align:left\"><div class=\"uvc-main-heading ult-responsive\"  data-ultimate-target='.uvc-heading.ultimate-heading-874869fdd53470774 h2'  data-responsive-json-new='{\"font-size\":\"desktop:30px;\",\"line-height\":\"desktop:36px;\"}' ><h2 style=\"font-family:&#039;Roboto&#039;;font-style:italic;--font-weight:theme;color:#242d34;margin-bottom:10px;\">Asesoramiento en la Gesti\u00f3n Tributaria<\/h2><\/div><div class=\"uvc-heading-spacer line_only\" style=\"margin-bottom:50px;height:3px;\"><span class=\"uvc-headings-line\" style=\"border-style:solid;border-bottom-width:3px;border-color:#ccc;width:70px;\"><\/span><\/div><\/div>[vc_column_text]Estamos convencidos que solicitar asesoramiento en la gesti\u00f3n de cobranzas en mora ha pasado a ser un punto de vital importancia para la tarea gubernamental. Nuestra funci\u00f3n consiste en atender ese requerimiento acercando a los deudores para que regularicen su situaci\u00f3n. En este punto nos comprometemos a:<\/p>\n<ul>\n<li>Ser el apoyo log\u00edstico de los organismos para el fomento del compromiso de los contribuyentes con el municipio donde tienen presencia y se configura el hecho imponible.<\/li>\n<li>Ser el canal facilitador para que los contribuyentes alcancen el cumplimento en t\u00e9rmino de las obligaciones tributarias e impositivas.<\/li>\n<\/ul>\n<p>En <strong>Servicios Comunales S.A.<\/strong> contamos con profesionales especializados en materia tributaria e impositiva y podemos facilitar y prestar servicios de asesoramiento tales como:[\/vc_column_text][\/vc_column][\/vc_row][vc_row type=\u00bbvc_default\u00bb css=\u00bb.vc_custom_1663959227000{padding-top: 70px !important;padding-bottom: 30px !important;}\u00bb][vc_column width=\u00bb1\/2&#8243;]<div id=\"ultimate-heading-585869fdd534707c5\" class=\"uvc-heading ult-adjust-bottom-margin ultimate-heading-585869fdd534707c5 uvc-9149 accent-border-color\" data-hspacer=\"line_only\"  data-halign=\"left\" style=\"text-align:left\"><div class=\"uvc-main-heading ult-responsive\"  data-ultimate-target='.uvc-heading.ultimate-heading-585869fdd534707c5 h2'  data-responsive-json-new='{\"font-size\":\"desktop:30px;\",\"line-height\":\"desktop:36px;\"}' ><h2 style=\"font-family:&#039;Roboto&#039;;font-style:italic;--font-weight:theme;color:#242d34;margin-bottom:10px;\">Desarrollo de Sistemas<\/h2><\/div><div class=\"uvc-heading-spacer line_only\" style=\"margin-bottom:50px;height:3px;\"><span class=\"uvc-headings-line\" style=\"border-style:solid;border-bottom-width:3px;border-color:#ccc;width:70px;\"><\/span><\/div><\/div>[vc_column_text]En <strong>Servicios Comunales S.A.<\/strong> contamos con especialistas en materia de software que pueden, de acuerdo a las necesidades espec\u00edficas de cada organismo, crear y mantener un sistema adecuado para diversas gestiones administrativas.<\/p>\n<p>Dado que conocemos las carencias de programas accesibles y de f\u00e1cil manejo y sabiendo que mediante programas especiales podemos automatizar las tareas, ahorrar valioso tiempo y ordenar y metodizar el trabajo, es que tenemos la capacidad de cubrir estas necesidades mediante un sistema inform\u00e1tico que facilite sus gestiones, adapt\u00e1ndonos al escenario particular de cada Municipio o Comuna.[\/vc_column_text][\/vc_column][vc_column width=\u00bb1\/2&#8243;][vc_empty_space height=\u00bb40px\u00bb el_class=\u00bbhide-on-desktop\u00bb][vc_single_image image=\u00bb10732&#8243; img_size=\u00bbfull\u00bb alignment=\u00bbcenter\u00bb image_hovers=\u00bbfalse\u00bb el_class=\u00bbimg_ilustrativa\u00bb][\/vc_column][\/vc_row][vc_row type=\u00bbvc_default\u00bb css=\u00bb.vc_custom_1663959227000{padding-top: 70px !important;padding-bottom: 30px !important;}\u00bb][vc_column]<div id=\"ultimate-heading-276769fdd53470812\" class=\"uvc-heading ult-adjust-bottom-margin ultimate-heading-276769fdd53470812 uvc-8576 accent-border-color\" data-hspacer=\"line_only\"  data-halign=\"left\" style=\"text-align:left\"><div class=\"uvc-main-heading ult-responsive\"  data-ultimate-target='.uvc-heading.ultimate-heading-276769fdd53470812 h2'  data-responsive-json-new='{\"font-size\":\"desktop:30px;\",\"line-height\":\"desktop:36px;\"}' ><h2 style=\"font-family:&#039;Roboto&#039;;font-style:italic;--font-weight:theme;margin-bottom:10px;\">Asesor\u00edas Espec\u00edficas<\/h2><\/div><div class=\"uvc-heading-spacer line_only\" style=\"margin-bottom:50px;height:3px;\"><span class=\"uvc-headings-line\" style=\"border-style:solid;border-bottom-width:3px;border-color:#ccc;width:70px;\"><\/span><\/div><\/div>[vc_tta_tour style=\u00bbflat\u00bb shape=\u00bbsquare\u00bb active_section=\u00bb1&#8243;][vc_tta_section i_icon_fontawesome=\u00bbfas fa-angle-double-right\u00bb add_icon=\u00bbtrue\u00bb title=\u00bbHabilitaci\u00f3n e Inspecci\u00f3n de Antenas\u00bb tab_id=\u00bb1668778543692-1effcbe5-46b1&#8243;][vc_column_text]En <strong>Servicios Comunales S.A.<\/strong> conocemos la necesidad de establecer un marco normativo general que establezca y reglamente los requisitos m\u00ednimos que deban ser cumplidos para la instalaci\u00f3n y habilitaci\u00f3n municipal de estructuras portantes, y asimismo resulta necesario reglamentar los requisitos que deben cumplir los propietarios y\/o responsables de dichas estructuras portantes para obtener la habilitaci\u00f3n de las mismas, velando as\u00ed por la seguridad y bienestar de los vecinos, como as\u00ed tambi\u00e9n considerando las necesidades propias de los servicios a prestar a y por dichas estructuras. Es por esto que contamos con personal id\u00f3neo para poder brindar este servicio de control e inspecci\u00f3n de Obra dentro del ejido del municipio correspondiente y de esta manera regular la cantidad y calidad de las mismas, teniendo siempre presente el impacto ambiental y el bienestar de todos los individuos y vecinos.[\/vc_column_text][\/vc_tta_section][vc_tta_section i_icon_fontawesome=\u00bbfas fa-angle-double-right\u00bb add_icon=\u00bbtrue\u00bb title=\u00bbDerechos de Publicidad y Propaganda\u00bb tab_id=\u00bb1668778543732-158c927d-bd0a\u00bb][vc_column_text]Derechos de <strong>Publicidad y Propaganda<\/strong>, en un todo de acuerdo al Ordenamiento Jur\u00eddico de la Rep\u00fablica Argentina, la jurisprudencia, la doctrina de los autores especialistas en la materia y a las recomendaciones internacionales espec\u00edficas.[\/vc_column_text][\/vc_tta_section][vc_tta_section i_icon_fontawesome=\u00bbfas fa-angle-double-right\u00bb add_icon=\u00bbtrue\u00bb title=\u00bbPostes\u00bb tab_id=\u00bb1668778745636-e0a7952d-6883&#8243;][vc_column_text]Regulaci\u00f3n de Postes que sean utilizados para todo tipo de transmisi\u00f3n o transporte de cualquier tipo de servicios ya sea telefon\u00eda, radio AM FM enlaces de radio taxis, servicios de internet, servicios de radioaficionados, televisi\u00f3n, servicios de complementarios de radiodifusi\u00f3n, conexi\u00f3n punto a punto o punto multipunto utilizados por empresas o personas f\u00edsicas.[\/vc_column_text][\/vc_tta_section][vc_tta_section i_icon_fontawesome=\u00bbfas fa-angle-double-right\u00bb add_icon=\u00bbtrue\u00bb title=\u00bbRedes de Media y Alta Tensi\u00f3n\u00bb tab_id=\u00bb1668778762267-e9f02bc4-2897&#8243;][vc_column_text]Distribuci\u00f3n y transporte de energ\u00eda de alta o media tensi\u00f3n y por distribuci\u00f3n troncal, tanto transportista independiente como empresas concesionarias o grandes usuarios que utilicen <strong>Estructuras Soporte<\/strong>.<\/p>\n<p>La competencia indelegable de la Municipalidad es sobre la obra civil, y en concurrencia con la Provincia y la Naci\u00f3n, de las cuestiones ambientales que puedan generar las Estructuras y\/o el servicio. Esto es lo que se regula por la presente normativa.[\/vc_column_text][\/vc_tta_section][\/vc_tta_tour][\/vc_column][\/vc_row]<\/p>\n","protected":false},"excerpt":{"rendered":"<p>[vc_row type=\u00bbvc_default\u00bb margin_top=\u00bb-50&#8243; bg_type=\u00bbimage\u00bb parallax_style=\u00bbvcpb-vz-jquery\u00bb bg_image_new=\u00bbid^10759|url^https:\/\/servicioscomunales.com.ar\/site\/wp-content\/uploads\/2022\/12\/retroexcavadora2.jpg|caption^null|alt^null|title^retroexcavadora2|description^null\u00bb bg_image_repeat=\u00bbno-repeat\u00bb bg_override=\u00bbex-full\u00bb css=\u00bb.vc_custom_1670007556877{padding-top: 8% !important;padding-bottom: 8% !important;background-color: #0b5482 !important;}\u00bb el_class=\u00bbstripe_header\u00bb][vc_column offset=\u00bbvc_col-lg-12 vc_col-md-12&#8243; css=\u00bb.vc_custom_1526058643829{padding-top: 100px !important;padding-bottom: 20px !important;}\u00bb][\/vc_column][\/vc_row][vc_row type=\u00bbvc_default\u00bb css=\u00bb.vc_custom_1663959227000{padding-top: 70px !important;padding-bottom: 30px !important;}\u00bb][vc_column width=\u00bb1\/2&#8243;][vc_column_text el_class=\u00bbdeco-like-table\u00bb] Sem\u00e1foros. Indicadores luminosos. Sem\u00e1foros Fijos\/m\u00f3viles. Se\u00f1alizaci\u00f3n Parada de colectivos. Indicadores de playa. Arcos pasacalle. Control de velocidad. Elementos para control de tr\u00e1nsito. Se\u00f1alizaci\u00f3n de&hellip;<\/p>\n","protected":false},"author":3,"featured_media":0,"parent":0,"menu_order":10,"comment_status":"closed","ping_status":"closed","template":"","meta":{"footnotes":""},"class_list":["post-10603","page","type-page","status-publish","hentry","description-off"],"_links":{"self":[{"href":"https:\/\/servicioscomunales.com.ar\/site\/wp-json\/wp\/v2\/pages\/10603","targetHints":{"allow":["GET"]}}],"collection":[{"href":"https:\/\/servicioscomunales.com.ar\/site\/wp-json\/wp\/v2\/pages"}],"about":[{"href":"https:\/\/servicioscomunales.com.ar\/site\/wp-json\/wp\/v2\/types\/page"}],"author":[{"embeddable":true,"href":"https:\/\/servicioscomunales.com.ar\/site\/wp-json\/wp\/v2\/users\/3"}],"replies":[{"embeddable":true,"href":"https:\/\/servicioscomunales.com.ar\/site\/wp-json\/wp\/v2\/comments?post=10603"}],"version-history":[{"count":36,"href":"https:\/\/servicioscomunales.com.ar\/site\/wp-json\/wp\/v2\/pages\/10603\/revisions"}],"predecessor-version":[{"id":10816,"href":"https:\/\/servicioscomunales.com.ar\/site\/wp-json\/wp\/v2\/pages\/10603\/revisions\/10816"}],"wp:attachment":[{"href":"https:\/\/servicioscomunales.com.ar\/site\/wp-json\/wp\/v2\/media?parent=10603"}],"curies":[{"name":"wp","href":"https:\/\/api.w.org\/{rel}","templated":true}]}}